{"id":16,"date":"2023-01-22T15:26:52","date_gmt":"2023-01-22T14:26:52","guid":{"rendered":"https:\/\/www.fynn-hornberg.de\/?page_id=16"},"modified":"2023-02-01T10:36:22","modified_gmt":"2023-02-01T09:36:22","slug":"about","status":"publish","type":"page","link":"https:\/\/www.fynn-hornberg.de\/?page_id=16","title":{"rendered":"\u00dcber mich"},"content":{"rendered":"\n<h2 class=\"has-large-font-size wp-block-heading\" id=\"inspiro-is-a-digital-product-agency-that-focuses-on-strategy-and-design\" style=\"font-style:normal;font-weight:100\">Hier findest du alles zu meinem beruflichen Werdegang und die wichtigsten Facts \u00fcber mich. <\/h2>\n\n\n\n<div style=\"height:100px\" aria-hidden=\"true\" class=\"wp-block-spacer\"><\/div>\n\n\n<p>Aufgewachsen bin ich im sch\u00f6nen Hamburg, also ein echter Hamburger Jung. Unschwer zu erkennen schl\u00e4gt mein Herz neben Journalismus und Sport auch f\u00fcr den Hamburger Sport Verein. Mit 13 Jahren ging es f\u00fcr mich dann nach G\u00f6ttingen, wo ich mein Abitur gemacht habe und im Anschluss erstmal ein halbes Jahr nach Kanada. Ich hatte Lust zu reisen, neue Leute, neue Kultur und wollte die Erfahrung sammeln nur auf mich selbst gestellt zu sein &#8211; deswegen Work&amp;Travel.<\/p>\n<p>Ich wusste aber schon w\u00e4hrend meines Abiturs ich m\u00f6chte unbedingt in den Journalismus und die ganze Zeit von Sport umgeben sein. Als ersten step in diese Richtung startete ich 2019 meinen Bachelor in Sportjournalismus und Sportmanagement und zog daf\u00fcr wieder in die (Gro\u00df-) Stadt nach Frankfurt. Nebenbei sammelte ich viele Erfahrungen im Journalismus. Angefangen bei der H\u00f6rfunkschule Frankfurt mit der Sommerakademie 2021. Ein Projekt, wo der Radiosender &#8222;Lux&#8220; f\u00fcr 2,5 Wochen auf UKW Frequenz und im Audiostream zu h\u00f6ren ist und nur von jungen Nachwuchsjournalistinnen und Nachwuchsjournalisten gef\u00fchrt wird.<\/p>\n<h3 style=\"text-align: center;\">Berufliche Erfahrungen<\/h3>\n<p>Seit Ende 2021 arbeite ich auch als freier Mitarbeiter f\u00fcr die Multimediaredaktion im Medienhaus der Evangelischen Kirche in Hessen und Nassau. In erster Linie produziere ich dort Radiobeitr\u00e4ge f\u00fcr den Privatfunksender Hit Radio FFH, aber ich schreibe auch Texte f\u00fcrs Web oder produziere Videos f\u00fcr YouTube.\u00a0<\/p>\n<p>Um nebenbei den Sport nicht ganz aus den Augen zu verlieren, absolvierte ich mein Praktikum w\u00e4hrend des Studiums bei der Zeitung Frankfurter Neue Presse in der Sportredaktion. Dort landete ich auch eine kurze Zeit bei der Au\u00dfenstelle im Taunus Gebiet. Nach meinem Praktikum wurde ich als freier Mitarbeiter \u00fcbernommen und liefere seit Mai 2022 Texte im Regionalsport f\u00fcr die Frankfurter Neue Presse Taunuszeitung. Vorranging in den Bereichen Fu\u00dfball und Basketball. Es macht mir viel Spa\u00df in den Hallen und auf den Fu\u00dfballpl\u00e4tzen unterwegs zu sein und die Geschichten und besonderen Momente des Sports zu erz\u00e4hlen. Dabei lernt man nicht nur den Sport von einer ganz anderen Seite kennen (ich habe selber 15 Jahre lang Fu\u00dfball im Verein gespielt), sondern man trifft auf viele neue und spannende Menschen. Besonders f\u00fcr den Print-Bereich ist es wichtig Geschichten zu erz\u00e4hlen und nicht nur einen Spielbericht runterzubeten und genau das bereitet mir sehr viel Freude.\u00a0<\/p>\n<p>Um nebenbei noch mehr praktische Erfahrungen im Journalismus zu ergattern, habe ich mich Ende 2021 bei dem Ausbildungsprojekt der H\u00f6rfunkschule Frankfurt &#8222;medien-starter&#8220; beworben und war einer der zehn gl\u00fccklichen, die ausgew\u00e4hlt wurden. \u00dcber eine Zeitspanne von zwei Jahren gibt es verschiedene Workshops als Blockformate jeweils an einem Wochenende in den Bereichen: Radio, Video und Online. Die Workshops werden von Referenten aus der Praxis geleitet und kombinieren Theorie und ganz wichtig: besonders viel Praxis miteinander.\u00a0<\/p>\n<p>Im M\u00e4rz steht nun ein neues Kapitel in meinem beruflichen Werdegang an &#8211; der Masterstudiengang an der HAW (Hochschule f\u00fcr angewandte Wissenschaften) in Hamburg. Ich habe einen der wenigen Studienpl\u00e4tze im Studiengang &#8222;Digitale Kommunikation&#8220; bekommen und darf nun den zweij\u00e4hrigen Master starten. Damit geht es f\u00fcr mich wieder in meine Heimatstadt und hoffentlich sammel ich auch dort wieder ganz viele neue Erfahrungen im Journalismus und treffe auf viele neue Menschen.\u00a0<\/p>\n\n\n<hr class=\"wp-block-separator has-alpha-channel-opacity\"\/>\n\n\n\n<h2 class=\"wp-block-heading\">Kurz und Knapp<\/h2>\n\n\n\n<div class=\"wp-block-columns alignwide is-layout-flex wp-container-core-columns-is-layout-9d6595d7 wp-block-columns-is-layout-flex\">\n<div class=\"wp-block-column is-layout-flow wp-block-column-is-layout-flow\">\n<figure class=\"wp-block-image size-large\"><img decoding=\"async\" src=\"https:\/\/www.fynn-hornberg.de\/wp-content\/themes\/inspiro\/assets\/images\/video-1.jpeg\" alt=\"\"\/><\/figure>\n\n\n\n<p class=\"has-black-color has-text-color has-medium-font-size\">Master &#8211; Digitale Kommunikation<\/p>\n\n\n\n<p class=\"has-text-color\" style=\"color:#7a7a7a\">Master of Arts (2023-2025) Digitale Kommunikation an der HAW Hamburg (Hochschule f\u00fcr angewandte Wissenschaften)<\/p>\n<\/div>\n\n\n\n<div class=\"wp-block-column is-layout-flow wp-block-column-is-layout-flow\">\n<figure class=\"wp-block-image size-large is-resized\"><img decoding=\"async\" src=\"https:\/\/www.fynn-hornberg.de\/wp-content\/uploads\/2023\/01\/Bachelor-1024x768.png\" alt=\"\" class=\"wp-image-80\" width=\"253\" height=\"189\" srcset=\"https:\/\/www.fynn-hornberg.de\/wp-content\/uploads\/2023\/01\/Bachelor-1024x768.png 1024w, https:\/\/www.fynn-hornberg.de\/wp-content\/uploads\/2023\/01\/Bachelor-300x225.png 300w, https:\/\/www.fynn-hornberg.de\/wp-content\/uploads\/2023\/01\/Bachelor-768x576.png 768w, https:\/\/www.fynn-hornberg.de\/wp-content\/uploads\/2023\/01\/Bachelor-600x450.png 600w, https:\/\/www.fynn-hornberg.de\/wp-content\/uploads\/2023\/01\/Bachelor.png 1200w\" sizes=\"(max-width: 253px) 100vw, 253px\" \/><\/figure>\n\n\n\n<p class=\"has-black-color has-text-color has-medium-font-size\">Bachelor &#8211; Sportjournalismus und Sportmanagement<\/p>\n\n\n\n<p class=\"has-text-color\" style=\"color:#7a7a7a\">Bachelor of Arts (2019-2022) Sportjournalismus und Sportmanagement an der Hochschule Mittweida university of applied sciences. Die Bachelorarbeit wurde zum Thema: &#8222;Medialisierung und Kommerzialisierung im Fu\u00dfball: Erarbeitung von Erfolgsfaktoren f\u00fcr die Sportberichterstattung&#8220; geschrieben. <\/p>\n<\/div>\n\n\n\n<div class=\"wp-block-column is-layout-flow wp-block-column-is-layout-flow\">\n<figure class=\"wp-block-image size-large\"><img decoding=\"async\" src=\"https:\/\/www.fynn-hornberg.de\/wp-content\/themes\/inspiro\/assets\/images\/video-3.jpeg\" alt=\"\"\/><\/figure>\n\n\n\n<p class=\"has-black-color has-text-color has-medium-font-size\">Ausbildungsprojekt Medien-starter<\/p>\n\n\n\n<p class=\"has-text-color\" style=\"color:#7a7a7a\">Ausbildungsprojekt Medien-starter (2021-2023) von der H\u00f6rfunkschule Frankfurt. Die Ausbildung habe ich neben meinem Studium absolviert. Verschiedene Workshops im Blockformat an ausgew\u00e4hlten Wochenenden zu den Themen: Radio, Online und Video von Referenten aus der Praxis.   <\/p>\n<\/div>\n<\/div>\n\n\n\n<div style=\"height:100px\" aria-hidden=\"true\" class=\"wp-block-spacer\"><\/div>\n","protected":false},"excerpt":{"rendered":"<p>Hier findest du alles zu meinem beruflichen Werdegang und die wichtigsten Facts \u00fcber mich. Aufgewachsen bin ich im sch\u00f6nen Hamburg, also ein echter Hamburger Jung. Unschwer zu erkennen schl\u00e4gt mein Herz neben Journalismus und Sport auch f\u00fcr den Hamburger Sport Verein. Mit 13 Jahren ging es f\u00fcr mich dann nach G\u00f6ttingen, wo ich mein Abitur &hellip; <\/p>\n<p class=\"link-more\"><a href=\"https:\/\/www.fynn-hornberg.de\/?page_id=16\" class=\"more-link\">Mehr <span class=\"screen-reader-text\">\u00fcber &#8222;\u00dcber mich&#8220; <\/span>Lesen<\/a><\/p>\n","protected":false},"author":1,"featured_media":70,"parent":0,"menu_order":0,"comment_status":"closed","ping_status":"closed","template":"","meta":{"footnotes":""},"class_list":["post-16","page","type-page","status-publish","has-post-thumbnail","hentry"],"featured_media_urls":{"thumbnail":["https:\/\/www.fynn-hornberg.de\/wp-content\/uploads\/2023\/01\/20211018_181501-150x150.jpg",150,150,true],"medium":["https:\/\/www.fynn-hornberg.de\/wp-content\/uploads\/2023\/01\/20211018_181501-300x225.jpg",300,225,true],"medium_large":["https:\/\/www.fynn-hornberg.de\/wp-content\/uploads\/2023\/01\/20211018_181501-768x576.jpg",768,576,true],"large":["https:\/\/www.fynn-hornberg.de\/wp-content\/uploads\/2023\/01\/20211018_181501-1024x768.jpg",950,713,true],"1536x1536":["https:\/\/www.fynn-hornberg.de\/wp-content\/uploads\/2023\/01\/20211018_181501-1536x1152.jpg",1536,1152,true],"2048x2048":["https:\/\/www.fynn-hornberg.de\/wp-content\/uploads\/2023\/01\/20211018_181501-2048x1536.jpg",2048,1536,true],"inspiro-featured-image":["https:\/\/www.fynn-hornberg.de\/wp-content\/uploads\/2023\/01\/20211018_181501-2000x1500.jpg",2000,1500,true],"inspiro-loop":["https:\/\/www.fynn-hornberg.de\/wp-content\/uploads\/2023\/01\/20211018_181501-950x320.jpg",950,320,true],"inspiro-loop@2x":["https:\/\/www.fynn-hornberg.de\/wp-content\/uploads\/2023\/01\/20211018_181501-1900x640.jpg",1900,640,true],"portfolio_item-thumbnail":["https:\/\/www.fynn-hornberg.de\/wp-content\/uploads\/2023\/01\/20211018_181501-600x400.jpg",600,400,true],"portfolio_item-thumbnail@2x":["https:\/\/www.fynn-hornberg.de\/wp-content\/uploads\/2023\/01\/20211018_181501-scaled.jpg",1067,800,false],"portfolio_item-masonry":["https:\/\/www.fynn-hornberg.de\/wp-content\/uploads\/2023\/01\/20211018_181501-600x450.jpg",600,450,true],"portfolio_item-masonry@2x":["https:\/\/www.fynn-hornberg.de\/wp-content\/uploads\/2023\/01\/20211018_181501-scaled.jpg",1200,900,false],"portfolio_item-thumbnail_cinema":["https:\/\/www.fynn-hornberg.de\/wp-content\/uploads\/2023\/01\/20211018_181501-800x335.jpg",800,335,true],"portfolio_item-thumbnail_portrait":["https:\/\/www.fynn-hornberg.de\/wp-content\/uploads\/2023\/01\/20211018_181501-600x900.jpg",600,900,true],"portfolio_item-thumbnail_portrait@2x":["https:\/\/www.fynn-hornberg.de\/wp-content\/uploads\/2023\/01\/20211018_181501-scaled.jpg",1200,900,false],"portfolio_item-thumbnail_square":["https:\/\/www.fynn-hornberg.de\/wp-content\/uploads\/2023\/01\/20211018_181501-800x800.jpg",800,800,true]},"_links":{"self":[{"href":"https:\/\/www.fynn-hornberg.de\/index.php?rest_route=\/wp\/v2\/pages\/16","targetHints":{"allow":["GET"]}}],"collection":[{"href":"https:\/\/www.fynn-hornberg.de\/index.php?rest_route=\/wp\/v2\/pages"}],"about":[{"href":"https:\/\/www.fynn-hornberg.de\/index.php?rest_route=\/wp\/v2\/types\/page"}],"author":[{"embeddable":true,"href":"https:\/\/www.fynn-hornberg.de\/index.php?rest_route=\/wp\/v2\/users\/1"}],"replies":[{"embeddable":true,"href":"https:\/\/www.fynn-hornberg.de\/index.php?rest_route=%2Fwp%2Fv2%2Fcomments&post=16"}],"version-history":[{"count":19,"href":"https:\/\/www.fynn-hornberg.de\/index.php?rest_route=\/wp\/v2\/pages\/16\/revisions"}],"predecessor-version":[{"id":96,"href":"https:\/\/www.fynn-hornberg.de\/index.php?rest_route=\/wp\/v2\/pages\/16\/revisions\/96"}],"wp:featuredmedia":[{"embeddable":true,"href":"https:\/\/www.fynn-hornberg.de\/index.php?rest_route=\/wp\/v2\/media\/70"}],"wp:attachment":[{"href":"https:\/\/www.fynn-hornberg.de\/index.php?rest_route=%2Fwp%2Fv2%2Fmedia&parent=16"}],"curies":[{"name":"wp","href":"https:\/\/api.w.org\/{rel}","templated":true}]}}